{"id":29307,"date":"2022-09-02T12:51:46","date_gmt":"2022-09-02T12:51:46","guid":{"rendered":"https:\/\/www.oliveradatenea.com\/aviso-legal\/"},"modified":"2023-09-14T05:46:42","modified_gmt":"2023-09-14T05:46:42","slug":"avis-legal","status":"publish","type":"page","link":"https:\/\/www.oliveradatenea.com\/ca\/avis-legal\/","title":{"rendered":"Av\u00eds Legal"},"content":{"rendered":"\t\t<div data-elementor-type=\"wp-page\" data-elementor-id=\"29307\" class=\"elementor elementor-29307 elementor-1062\" data-elementor-post-type=\"page\">\n\t\t\t\t\t\t<section class=\"elementor-section elementor-top-section elementor-element elementor-element-4dbd929 elementor-section-boxed elementor-section-height-default elementor-section-height-default\" data-id=\"4dbd929\" data-element_type=\"section\" data-e-type=\"section\" data-settings=\"{&quot;background_background&quot;:&quot;classic&quot;}\">\n\t\t\t\t\t\t\t<div class=\"elementor-background-overlay\"><\/div>\n\t\t\t\t\t\t\t<div class=\"elementor-container elementor-column-gap-no\">\n\t\t\t\t\t<div class=\"elementor-column elementor-col-100 elementor-top-column elementor-element elementor-element-80e81aa\" data-id=\"80e81aa\" data-element_type=\"column\" data-e-type=\"column\">\n\t\t\t<div class=\"elementor-widget-wrap elementor-element-populated\">\n\t\t\t\t\t\t\t<\/div>\n\t\t<\/div>\n\t\t\t\t\t<\/div>\n\t\t<\/section>\n\t\t\t\t<section class=\"elementor-section elementor-top-section elementor-element elementor-element-05a7913 elementor-section-boxed elementor-section-height-default elementor-section-height-default\" data-id=\"05a7913\" data-element_type=\"section\" data-e-type=\"section\">\n\t\t\t\t\t\t\t<div class=\"elementor-background-overlay\"><\/div>\n\t\t\t\t\t\t\t<div class=\"elementor-container elementor-column-gap-no\">\n\t\t\t\t\t<div class=\"elementor-column elementor-col-100 elementor-top-column elementor-element elementor-element-c742507\" data-id=\"c742507\" data-element_type=\"column\" data-e-type=\"column\">\n\t\t\t<div class=\"elementor-widget-wrap elementor-element-populated\">\n\t\t\t\t\t\t<div class=\"elementor-element elementor-element-ef05b21 elementor-widget elementor-widget-text-editor\" data-id=\"ef05b21\" data-element_type=\"widget\" data-e-type=\"widget\" data-widget_type=\"text-editor.default\">\n\t\t\t\t<div class=\"elementor-widget-container\">\n\t\t\t\t\t\t\t\t\t<h2><strong>AV\u00cdS LEGAL<\/strong><\/h2><h4><strong>LLEI DELS SERVEIS DE LA SOCIETAT DE LA INFORMACI\u00d3 (LSSI)<\/strong><\/h4><p>T\u00c9CNICAS DE ELABORACI\u00d3N DE SALSAS, SL, responsable del lloc web, en endavant RESPONSABLE, posa a disposici\u00f3 dels usuaris el present document, amb el qual pret\u00e9n donar compliment a les obligacions disposades a la Llei 34\/2002, d\u201911 de juliol, de Serveis de la Societat de la Informaci\u00f3 i de Comer\u00e7 Electr\u00f2nic (LSSICE), BOE N\u00ba 166, aix\u00ed com informar a tots els usuaris del lloc web respecte a quines s\u00f3n les condiicons d\u2019\u00fas.<\/p><p>Tota persona que accedeixi a aquest lloc web assumeix el paper d\u2019usuari, comprometent-se a l\u2019observaci\u00f3 i compliment de les disposicions aqu\u00ed disposades, aix\u00ed com a qualsevol altra disposici\u00f3 legal que sigui d\u2019aplicaci\u00f3.<\/p><p>T\u00c9CNICAS DE ELABORACI\u00d3N DE SALSAS, SL, es reserva el dret a modificar qualsevol tipus d\u2019informaci\u00f3 que pugui apar\u00e8ixer en aquest lloc web, sense que existeixi obligaci\u00f3 de preav\u00eds o de posar en coneixement dels usuaris aquestes obligacions, entenent-se com a suficient la publicaci\u00f3 en aquest lloc web de T\u00c9CNICAS DE ELABORACI\u00d3N DE SALSAS, SL.<\/p><p><strong>1. DADES IDENTIFICATIVES<\/strong><\/p><p>Nom del domini: oliveradatenea.com<\/p><p>Nom comercial: OLIVERA D\u2019ATENEA<\/p><p>Denominaci\u00f3 social: T\u00c9CNICAS DE ELABORACI\u00d3N DE SALSAS, SL<\/p><p>NIF: B43713437<\/p><p>Domicili social: C\/ VICTOR CATAL\u00c0, 19 REUS<\/p><p>Tel\u00e8fon: 977 33 81 70<\/p><p>E-mail: info@oliveradatenea.com<\/p><p>Inscrita al Registre (Mercantil \/ P\u00fablic): Registro Mercantil Tarragona, Tomo 1852, Folio 112, Secci\u00f3n 8, Inscripci\u00f3n 1\u00aa Hoja T26192.<\/p><p><strong>2. DRETS DE PROPIETAT INTEL\u00b7LECTUAL I INDUSTRIAL<\/strong><\/p><p>El lloc web, incloent a t\u00edtol enunciatiu per\u00f2 no limitatiu la seva programaci\u00f3, edici\u00f3, compilaci\u00f3 i altres elements necessaris pel seu funcionament, els dissenys, textos i\/o gr\u00e0fics, s\u00f3n propietat del RESPONSABLE o, si \u00e9s el cas, disposa de llic\u00e8ncia o autoritzaci\u00f3 expressa dels autors. Tots els continguts del lloc web es troben degudament protegits per la normativa de propietat intel\u00b7lectual i industrial, aix\u00ed com inscrits als registres p\u00fablics corresponents.<\/p><p>Independentment de la finalitat per la qual van ser destinats, la reproducci\u00f3 total o parcial, \u00fas, explotaci\u00f3, distribuci\u00f3 i comercialitzaci\u00f3, requereix, en tot cas l\u2019autoritzaci\u00f3 escrita pr\u00e8via per part del RESPONSABLE. Qualsevol \u00fas no autoritzat pr\u00e8viament es considera un incompliment greu dels drets de propietat intel\u00b7lectual o industrial de l\u2019autor.<\/p><p>Els dissenys, logotips, textos i\/o gr\u00e0fics aliens al RESPONSABLE i que puguin apar\u00e8ixer al lloc web, pertanyen als seus respectius propietaris, essent ells mateixos responsables de qualsevol possible controversia que pogu\u00e9s suscitar-se respecte als mateixos. El RESPONSABLE autoritza expressament a que tercers puguin redirigir al lloc web principal d\u2019oliveradatenea.com.<\/p><p>El RESPONSABLE reconeix a favor dels seus titulars els corresponents drets de propietat intel\u00b7lectual i industrial, no implicant la seva menci\u00f3 o aparici\u00f3 al lloc web l\u2019exist\u00e8ncia de drets o responsabilitat alguna sobre els mateixos, com tampoc recolzament, patrocini o recomanaci\u00f3 per part del mateix.<\/p><p>Per realitzar qualsevol tipus d\u2019observaci\u00f3 respecte a possibles incompliments dels drets de propietat intel\u00b7lectual o industrial, aix\u00ed com sobre qualsevol dels continguts del lloc web, pot fer-ho per mitj\u00e0 del correu electr\u00f2nic info@oliveradatenea.com<\/p><p><strong>3. EXEMPCI\u00d3 DE RESPONSABILITATS<\/strong><\/p><p>El RESPONSABLE s\u2019eximeix de qualsevol tipus de responsabilitat derivada de l\u2019informaci\u00f3 publicada al seu lloc web sempre que aquesta informaci\u00f3 hagi estat manipulada o introdu\u00efda per un tercer ali\u00e8 al mateix.<\/p><p><strong>\u00das de\u00a0<em>Cookies<\/em><\/strong><\/p><p>Aquest lloc web pot utilitzar\u00a0<em>cookies<\/em>\u00a0t\u00e8cniques (petits arxius d\u2019informaci\u00f3 que el servidor envia a l\u2019ordinador de qui accedeix a la p\u00e0gina) per dur a terme determinades funcions que s\u00f3n considerades imprescindibles pel correcte funcionament i visualitzaci\u00f3 del lloc. Les\u00a0<em>cookies<\/em>\u00a0utilizades tenen, en tot cas, car\u00e0cter temporal, amb l\u2019\u00fanica finalitat de fer m\u00e9s efica\u00e7 la navegaci\u00f3, i desapareixen al finalitzar la sessi\u00f3 de l\u2019usuari. En cap cas, aquestes\u00a0<em>cookies<\/em>, proporcionen per si mateixes dades de car\u00e0cter personal i no s\u2019utilizaran per a la recollida dels mateixos.<\/p><p>Mitjan\u00e7ant l\u2019\u00fas de\u00a0<em>cookies<\/em>\u00a0tamb\u00e9 \u00e9s possible que el servidor os es troba la web reconegui el navegador utilitzat per l\u2019usuari amb la finalitat de que la navegaci\u00f3 sigui m\u00e9s senzilla, permetent, per exemple, l\u2019acc\u00e9s dels usuaris que s\u2019hagin registrat previament a les \u00e0ries, serveis, promocions o concursos reservats exclusivament a ells sense tenir que registrar-se en cada visita.<\/p><p>Tamb\u00e9 es poden utilitzar para mesurar l\u2019audi\u00e8ncia, par\u00e0metres de tr\u00e0fic, controlar el progr\u00e9s i n\u00famero d\u2019entrades, etc., essent en aquests casos\u00a0<em>cookies<\/em>\u00a0prescindibles t\u00e8cnicament, per\u00f2 beneficioses per l\u2019usuari. Aquest lloc\u00a0 web no instal\u00b7lar\u00e0\u00a0<em>cookies<\/em>\u00a0prescindibles sense el consentiment previ de l\u2019usuari.<\/p><p>L\u2019usuari t\u00e9 la possibilitat de configurar el seu navegador per ser alertat de la recepci\u00f3 de\u00a0<em>cookies<\/em>\u00a0i per impedir la seva instal\u00b7laci\u00f3 a l\u2019equip. Siusplau, consulti les instruccions del seu navegador per ampliar aquesta informaci\u00f3.<\/p><p>\u00a0<\/p><p><strong>Pol\u00edtica d\u2019enlla\u00e7os<\/strong><\/p><p>Des del lloc web, \u00e9s possible que es redirigeixi a continguts de tercers llocs web. Donat que el RESPONSABLE no pot controlar sempre els continguts introduits per tercers als seus respectius llocs web, no assumeix cap tipus de responsabilitat respecte als citats continguts. En tot cas, procedir\u00e0 a la retirada immediata de qualsevol contingut que pogu\u00e9s contravenir la legislaci\u00f3 nacional o internacional, la moral o l\u2019ordre p\u00fablic, procedint a la retirada immediata de la redirecci\u00f3 al citat lloc web, posant en coneixement de les autoritats competents el contingut en q\u00fcesti\u00f3.<\/p><p>El RESPONSABLE no es fa responsable de la informaci\u00f3 i dels continguts emmagatzemats, a t\u00edtol enunciatiu per\u00f2 no limitatiu, en foros, xats, generadors de blogs, comentaris, xarxes socials o qualsevol altre mitj\u00e0 que permeti a tercers publicar continguts de forma independient a la p\u00e0gina web del RESPONSABLE. De totes maneres,\u00a0 i en compliment del que es disposa als articles 11 i 16 de la LSSICE, es posa a disposici\u00f3 de tots els usuaris, autoritats i forces de seguretat, col\u00b7laborant de forma activa en la retirada o, en el seu cas, bloqueig de tots aquells continguts que puguin afectar o contravenir la legislaci\u00f3 nacional i internacional, els drets de tercers o la moral i l\u2019ordre p\u00fablic. En cas que l\u2019usuari consideri que existeix al lloc web algun contingut que pugui ser susceptible d\u2019aquesta classificaci\u00f3, es prega que ho notifiqui de forma immediata a l\u2019administrador del lloc web.<\/p><p>Aquest lloc s\u2019ha revisat i provat per tal que funcioni correctament. En principi, pot garantir-se\u2019n el correcte funcionament\u00a0 els 365 dies de l\u2019any, 24 hores al daa. No obtant aix\u00f2, el RESPONSABLE no descarta la possibilitat de que existeixin certs errors de programaci\u00f3, o que ocorrin causes de for\u00e7a major, cat\u00e0strofes naturals, vagues o circumst\u00e0ncies semblants que facin impossible l\u2019acc\u00e9s a la p\u00e0gina web.<\/p><p><strong>Adreces IP<\/strong><\/p><p>Els servidors del lloc web podran detectar de manera autom\u00e0tica l\u00a1adre\u00e7a IP i el nom de domini utilizats per l\u2019usuari. Una adre\u00e7a IP \u00e9s un n\u00famero assignat autom\u00e0ticament a un ordinador quan aquest es connecta a internet. Tota aquesta informaci\u00f3 es registra en un fitxer d\u2019activitat del servidor que permet el posterior processament de les dades amb la finalitat d\u2019obtenir medicions \u00fanicament estad\u00edstiques que permetin con\u00e8ixer el n\u00famero d\u2019impressions de p\u00e0gines, el n\u00famero de visites realitzades als servidors web, l\u2019ordre de visites, el punt d\u2019acc\u00e9s, etc.<\/p><p><strong>4. LLEI APLICABLE\u00a0 I JURISDICCI\u00d3<\/strong><\/p><p>Per a la resoluci\u00f3 de totes les controversies o q\u00fcestions relacionades amb el present lloc web o de les activitats que en ell s\u2019hi desenvolupin, ser\u00e0 d\u2019aplicaci\u00f3 la legislaci\u00f3 espanyola, a la que se sotmeten expressament les parts, essent competents per a la resoluci\u00f3 de tots els conflictes derivats o relacionats amb el seu \u00fas als Jutjats i Tribunals m\u00e9s propers a Reus.<\/p>\t\t\t\t\t\t\t\t<\/div>\n\t\t\t\t<\/div>\n\t\t\t\t\t<\/div>\n\t\t<\/div>\n\t\t\t\t\t<\/div>\n\t\t<\/section>\n\t\t\t\t<\/div>\n\t\t","protected":false},"excerpt":{"rendered":"<p>AV\u00cdS LEGAL LLEI DELS SERVEIS DE LA SOCIETAT DE LA INFORMACI\u00d3 (LSSI) T\u00c9CNICAS DE ELABORACI\u00d3N DE SALSAS, SL, responsable del lloc web, en endavant RESPONSABLE, posa a disposici\u00f3 dels usuaris el present document, amb el qual pret\u00e9n donar compliment a les obligacions disposades a la Llei 34\/2002, d\u201911 de juliol, de Serveis de la Societat [&hellip;]<\/p>\n","protected":false},"author":1,"featured_media":0,"parent":0,"menu_order":0,"comment_status":"closed","ping_status":"closed","template":"","meta":{"wprm-recipe-roundup-name":"","wprm-recipe-roundup-description":"","site-sidebar-layout":"no-sidebar","site-content-layout":"page-builder","ast-site-content-layout":"default","site-content-style":"default","site-sidebar-style":"default","ast-global-header-display":"","ast-banner-title-visibility":"","ast-main-header-display":"","ast-hfb-above-header-display":"","ast-hfb-below-header-display":"","ast-hfb-mobile-header-display":"","site-post-title":"disabled","ast-breadcrumbs-content":"","ast-featured-img":"disabled","footer-sml-layout":"","ast-disable-related-posts":"","theme-transparent-header-meta":"","adv-header-id-meta":"","stick-header-meta":"","header-above-stick-meta":"","header-main-stick-meta":"","header-below-stick-meta":"","astra-migrate-meta-layouts":"default","ast-page-background-enabled":"default","ast-page-background-meta":{"desktop":{"background-color":"","background-image":"","background-repeat":"repeat","background-position":"center center","background-size":"auto","background-attachment":"scroll","background-type":"","background-media":"","overlay-type":"","overlay-color":"","overlay-opacity":"","overlay-gradient":""},"tablet":{"background-color":"","background-image":"","background-repeat":"repeat","background-position":"center center","background-size":"auto","background-attachment":"scroll","background-type":"","background-media":"","overlay-type":"","overlay-color":"","overlay-opacity":"","overlay-gradient":""},"mobile":{"background-color":"","background-image":"","background-repeat":"repeat","background-position":"center center","background-size":"auto","background-attachment":"scroll","background-type":"","background-media":"","overlay-type":"","overlay-color":"","overlay-opacity":"","overlay-gradient":""}},"ast-content-background-meta":{"desktop":{"background-color":"var(--ast-global-color-5)","background-image":"","background-repeat":"repeat","background-position":"center center","background-size":"auto","background-attachment":"scroll","background-type":"","background-media":"","overlay-type":"","overlay-color":"","overlay-opacity":"","overlay-gradient":""},"tablet":{"background-color":"var(--ast-global-color-5)","background-image":"","background-repeat":"repeat","background-position":"center center","background-size":"auto","background-attachment":"scroll","background-type":"","background-media":"","overlay-type":"","overlay-color":"","overlay-opacity":"","overlay-gradient":""},"mobile":{"background-color":"var(--ast-global-color-5)","background-image":"","background-repeat":"repeat","background-position":"center center","background-size":"auto","background-attachment":"scroll","background-type":"","background-media":"","overlay-type":"","overlay-color":"","overlay-opacity":"","overlay-gradient":""}},"footnotes":""},"class_list":["post-29307","page","type-page","status-publish","hentry"],"_links":{"self":[{"href":"https:\/\/www.oliveradatenea.com\/ca\/wp-json\/wp\/v2\/pages\/29307","targetHints":{"allow":["GET"]}}],"collection":[{"href":"https:\/\/www.oliveradatenea.com\/ca\/wp-json\/wp\/v2\/pages"}],"about":[{"href":"https:\/\/www.oliveradatenea.com\/ca\/wp-json\/wp\/v2\/types\/page"}],"author":[{"embeddable":true,"href":"https:\/\/www.oliveradatenea.com\/ca\/wp-json\/wp\/v2\/users\/1"}],"replies":[{"embeddable":true,"href":"https:\/\/www.oliveradatenea.com\/ca\/wp-json\/wp\/v2\/comments?post=29307"}],"version-history":[{"count":3,"href":"https:\/\/www.oliveradatenea.com\/ca\/wp-json\/wp\/v2\/pages\/29307\/revisions"}],"predecessor-version":[{"id":38289,"href":"https:\/\/www.oliveradatenea.com\/ca\/wp-json\/wp\/v2\/pages\/29307\/revisions\/38289"}],"wp:attachment":[{"href":"https:\/\/www.oliveradatenea.com\/ca\/wp-json\/wp\/v2\/media?parent=29307"}],"curies":[{"name":"wp","href":"https:\/\/api.w.org\/{rel}","templated":true}]}}