{"id":31930,"date":"2023-04-28T10:57:00","date_gmt":"2023-04-28T10:57:00","guid":{"rendered":"https:\/\/www.oliveradatenea.com\/consentimiento-para-el-tratamiento-de-datos-personales\/"},"modified":"2024-06-03T16:38:55","modified_gmt":"2024-06-03T14:38:55","slug":"consentimiento-para-el-tratamiento-de-datos-personales","status":"publish","type":"page","link":"https:\/\/www.oliveradatenea.com\/ca\/consentimiento-para-el-tratamiento-de-datos-personales\/","title":{"rendered":"Consentiment pel tractament de dades personals"},"content":{"rendered":"\t\t<div data-elementor-type=\"wp-page\" data-elementor-id=\"31930\" class=\"elementor elementor-31930 elementor-29129\" data-elementor-post-type=\"page\">\n\t\t\t\t\t\t<section class=\"elementor-section elementor-top-section elementor-element elementor-element-6465105 elementor-section-boxed elementor-section-height-default elementor-section-height-default\" data-id=\"6465105\" data-element_type=\"section\" data-e-type=\"section\" data-settings=\"{&quot;background_background&quot;:&quot;classic&quot;}\">\n\t\t\t\t\t\t\t<div class=\"elementor-background-overlay\"><\/div>\n\t\t\t\t\t\t\t<div class=\"elementor-container elementor-column-gap-no\">\n\t\t\t\t\t<div class=\"elementor-column elementor-col-100 elementor-top-column elementor-element elementor-element-45aa99b\" data-id=\"45aa99b\" data-element_type=\"column\" data-e-type=\"column\">\n\t\t\t<div class=\"elementor-widget-wrap elementor-element-populated\">\n\t\t\t\t\t\t<div class=\"elementor-element elementor-element-58c68af elementor-widget elementor-widget-heading\" data-id=\"58c68af\" data-element_type=\"widget\" data-e-type=\"widget\" data-widget_type=\"heading.default\">\n\t\t\t\t<div class=\"elementor-widget-container\">\n\t\t\t\t\t<h1 class=\"elementor-heading-title elementor-size-default\">Consentiment pel tractament de dades personals<\/h1>\t\t\t\t<\/div>\n\t\t\t\t<\/div>\n\t\t\t\t\t<\/div>\n\t\t<\/div>\n\t\t\t\t\t<\/div>\n\t\t<\/section>\n\t\t\t\t<section class=\"elementor-section elementor-top-section elementor-element elementor-element-accd763 elementor-section-boxed elementor-section-height-default elementor-section-height-default\" data-id=\"accd763\" data-element_type=\"section\" data-e-type=\"section\">\n\t\t\t\t\t\t\t<div class=\"elementor-background-overlay\"><\/div>\n\t\t\t\t\t\t\t<div class=\"elementor-container elementor-column-gap-no\">\n\t\t\t\t\t<div class=\"elementor-column elementor-col-100 elementor-top-column elementor-element elementor-element-378b24e\" data-id=\"378b24e\" data-element_type=\"column\" data-e-type=\"column\">\n\t\t\t<div class=\"elementor-widget-wrap elementor-element-populated\">\n\t\t\t\t\t\t<div class=\"elementor-element elementor-element-628173f elementor-widget elementor-widget-text-editor\" data-id=\"628173f\" data-element_type=\"widget\" data-e-type=\"widget\" data-widget_type=\"text-editor.default\">\n\t\t\t\t<div class=\"elementor-widget-container\">\n\t\t\t\t\t\t\t\t\t<p><strong>T\u00c9CNICAS DE ELABORACI\u00d3N DE SALSAS, SL<\/strong> \u00e9s el Responsable del tractament de les dades personals de l\u2019Usuari i l\u2019informa que aquestes dades es tractaran de conformitat amb el que disposa el Reglamento (UE) 2016\/679, de 27 d\u2019abril (GDPR), i la Llei Org\u00e0nica 3\/2018, de 5 de desembre (LOPDGDD), pel que se li facilita la sig\u00fcent informaci\u00f3 del tractament:<\/p><p><strong>Fins i legitimaci\u00f3 del tractament<\/strong>: mantenir una relaci\u00f3 comercial (per inter\u00e8s leg\u00edtim del responsable, art. 6.1.f GDPR) i enviament de comunicacions de productes o serveis (amb el consentiment de l\u2019interessat, art. 6.1.a GDPR).<\/p><p><strong>Criteris de conservaci\u00f3 de les dades<\/strong>: es conservaran durant no m\u00e9s temps del necessari per mantenir la finalitat del tractament o fins que existeixin prescripcions legals que dictaminin la seva custodia, i quan ja no sigui necessari se suprimiran amb les mesures de seguretat adequades per garantir-ne l\u2019anonimitzaci\u00f3 de les dades o la destrucci\u00f3 total de les mateixes.<\/p><p><strong>Comunicaci\u00f3 de les dades<\/strong>: no es comunicaran les dades a tercers, excepte obligaci\u00f3 legal.<\/p><p>Drets que assisteixen a l&#8217;Usuari:<\/p><p>-Dret a retirar el consentiment en qualsevol moment.<\/p><p>-Dret d&#8217;acc\u00e9s, rectificaci\u00f3, portabilitat i supressi\u00f3 de les seves dades, i de limitaci\u00f3 o oposici\u00f3 al seu tractament.<\/p><p>-Dret a presentar una reclamaci\u00f3 davant l&#8217;Autoritat de control (www.aeped.es) si considera que el tractament no s&#8217;ajusta a la normativa vigent.<\/p><p>Dades de contacte per exercir els seus drets:<\/p><p><strong>T\u00c9CNICAS DE ELABORACI\u00d3N DE SALSAS, SL\u00a0<\/strong><\/p><p>c\/ V\u00edctor Catal\u00e0, 19. 43206 REUS (Tarragona).<\/p><p>E-mail: info@oliveradatenea.com<\/p>\t\t\t\t\t\t\t\t<\/div>\n\t\t\t\t<\/div>\n\t\t\t\t\t<\/div>\n\t\t<\/div>\n\t\t\t\t\t<\/div>\n\t\t<\/section>\n\t\t\t\t<\/div>\n\t\t","protected":false},"excerpt":{"rendered":"<p>Consentiment pel tractament de dades personals T\u00c9CNICAS DE ELABORACI\u00d3N DE SALSAS, SL \u00e9s el Responsable del tractament de les dades personals de l\u2019Usuari i l\u2019informa que aquestes dades es tractaran de conformitat amb el que disposa el Reglamento (UE) 2016\/679, de 27 d\u2019abril (GDPR), i la Llei Org\u00e0nica 3\/2018, de 5 de desembre (LOPDGDD), pel [&hellip;]<\/p>\n","protected":false},"author":1,"featured_media":0,"parent":0,"menu_order":0,"comment_status":"closed","ping_status":"closed","template":"","meta":{"wprm-recipe-roundup-name":"","wprm-recipe-roundup-description":"","site-sidebar-layout":"no-sidebar","site-content-layout":"page-builder","ast-site-content-layout":"default","site-content-style":"default","site-sidebar-style":"default","ast-global-header-display":"","ast-banner-title-visibility":"","ast-main-header-display":"","ast-hfb-above-header-display":"","ast-hfb-below-header-display":"","ast-hfb-mobile-header-display":"","site-post-title":"disabled","ast-breadcrumbs-content":"","ast-featured-img":"disabled","footer-sml-layout":"","ast-disable-related-posts":"","theme-transparent-header-meta":"","adv-header-id-meta":"","stick-header-meta":"","header-above-stick-meta":"","header-main-stick-meta":"","header-below-stick-meta":"","astra-migrate-meta-layouts":"default","ast-page-background-enabled":"default","ast-page-background-meta":{"desktop":{"background-color":"","background-image":"","background-repeat":"repeat","background-position":"center center","background-size":"auto","background-attachment":"scroll","background-type":"","background-media":"","overlay-type":"","overlay-color":"","overlay-opacity":"","overlay-gradient":""},"tablet":{"background-color":"","background-image":"","background-repeat":"repeat","background-position":"center center","background-size":"auto","background-attachment":"scroll","background-type":"","background-media":"","overlay-type":"","overlay-color":"","overlay-opacity":"","overlay-gradient":""},"mobile":{"background-color":"","background-image":"","background-repeat":"repeat","background-position":"center center","background-size":"auto","background-attachment":"scroll","background-type":"","background-media":"","overlay-type":"","overlay-color":"","overlay-opacity":"","overlay-gradient":""}},"ast-content-background-meta":{"desktop":{"background-color":"var(--ast-global-color-5)","background-image":"","background-repeat":"repeat","background-position":"center center","background-size":"auto","background-attachment":"scroll","background-type":"","background-media":"","overlay-type":"","overlay-color":"","overlay-opacity":"","overlay-gradient":""},"tablet":{"background-color":"var(--ast-global-color-5)","background-image":"","background-repeat":"repeat","background-position":"center center","background-size":"auto","background-attachment":"scroll","background-type":"","background-media":"","overlay-type":"","overlay-color":"","overlay-opacity":"","overlay-gradient":""},"mobile":{"background-color":"var(--ast-global-color-5)","background-image":"","background-repeat":"repeat","background-position":"center center","background-size":"auto","background-attachment":"scroll","background-type":"","background-media":"","overlay-type":"","overlay-color":"","overlay-opacity":"","overlay-gradient":""}},"footnotes":""},"class_list":["post-31930","page","type-page","status-publish","hentry"],"_links":{"self":[{"href":"https:\/\/www.oliveradatenea.com\/ca\/wp-json\/wp\/v2\/pages\/31930","targetHints":{"allow":["GET"]}}],"collection":[{"href":"https:\/\/www.oliveradatenea.com\/ca\/wp-json\/wp\/v2\/pages"}],"about":[{"href":"https:\/\/www.oliveradatenea.com\/ca\/wp-json\/wp\/v2\/types\/page"}],"author":[{"embeddable":true,"href":"https:\/\/www.oliveradatenea.com\/ca\/wp-json\/wp\/v2\/users\/1"}],"replies":[{"embeddable":true,"href":"https:\/\/www.oliveradatenea.com\/ca\/wp-json\/wp\/v2\/comments?post=31930"}],"version-history":[{"count":3,"href":"https:\/\/www.oliveradatenea.com\/ca\/wp-json\/wp\/v2\/pages\/31930\/revisions"}],"predecessor-version":[{"id":37942,"href":"https:\/\/www.oliveradatenea.com\/ca\/wp-json\/wp\/v2\/pages\/31930\/revisions\/37942"}],"wp:attachment":[{"href":"https:\/\/www.oliveradatenea.com\/ca\/wp-json\/wp\/v2\/media?parent=31930"}],"curies":[{"name":"wp","href":"https:\/\/api.w.org\/{rel}","templated":true}]}}